{"id":940,"date":"2021-02-12T17:06:05","date_gmt":"2021-02-12T16:06:05","guid":{"rendered":"http:\/\/highdea.fr\/?page_id=940"},"modified":"2023-02-03T15:33:06","modified_gmt":"2023-02-03T14:33:06","slug":"bruno_halak","status":"publish","type":"page","link":"https:\/\/highdea.fr\/index.php\/bruno_halak\/","title":{"rendered":"Bruno Halak"},"content":{"rendered":"<p><div class=\"fusion-bg-parallax\" data-bg-align=\"center center\" data-direction=\"up\" data-mute=\"false\" data-opacity=\"100\" data-velocity=\"-0.2\" data-mobile-enabled=\"false\" data-break_parents=\"0\" data-bg-image=\"http:\/\/highdea.fr\/wp-content\/uploads\/2021\/04\/bg_phare.jpg\" data-bg-repeat=\"false\" data-bg-color=\"#1c384a\" ><\/div><div class=\"fusion-fullwidth fullwidth-box fusion-builder-row-1 fusion-flex-container fusion-parallax-up nonhundred-percent-fullwidth non-hundred-percent-height-scrolling fusion-animated\" style=\"background-color: #1c384a;background-image: url(&quot;http:\/\/highdea.fr\/wp-content\/uploads\/2021\/04\/bg_phare.jpg&quot;);background-position: center center;background-repeat: no-repeat;border-width: 0px 0px 0px 0px;border-color:#ecefef;border-style:solid;-webkit-background-size:cover;-moz-background-size:cover;-o-background-size:cover;background-size:cover;\" data-animationType=\"fadeIn\" data-animationDuration=\"1.0\" data-animationOffset=\"100%\" ><div class=\"fusion-builder-row fusion-row fusion-flex-align-items-flex-start\" style=\"max-width:1206.4px;margin-left: calc(-4% \/ 2 );margin-right: calc(-4% \/ 2 );\"><div class=\"fusion-layout-column fusion_builder_column fusion-builder-column-0 fusion_builder_column_1_1 1_1 fusion-flex-column\"><div class=\"fusion-column-wrapper fusion-flex-justify-content-flex-start fusion-content-layout-column\" style=\"background-position:left top;background-repeat:no-repeat;-webkit-background-size:cover;-moz-background-size:cover;-o-background-size:cover;background-size:cover;padding: 0px 0px 0px 0px;\"><div class=\"fusion-text fusion-text-1\" style=\"transform:translate3d(0,0,0);\"><p style=\"text-align: center; color: #ffffff;\"><b>&#8220;Highlight the way&#8221;<\/b> litt\u00e9ralement <i>&#8220;\u00e9clairer le chemin&#8221;.<\/i><br \/>\n\u00c0 l&#8217;image du phare qui nous aide \u00e0 nous rep\u00e9rer et qui \u00e9claire notre route&#8230;<\/p>\n<\/div><\/div><\/div><style type=\"text\/css\">.fusion-body .fusion-builder-column-0{width:100% !important;margin-top : 25px;margin-bottom : 25px;}.fusion-builder-column-0 > .fusion-column-wrapper {padding-top : 0px !important;padding-right : 0px !important;margin-right : 1.92%;padding-bottom : 0px !important;padding-left : 0px !important;margin-left : 1.92%;}@media only screen and (max-width:1024px) {.fusion-body .fusion-builder-column-0{width:100% !important;order : 0;}.fusion-builder-column-0 > .fusion-column-wrapper {margin-right : 1.92%;margin-left : 1.92%;}}@media only screen and (max-width:640px) {.fusion-body .fusion-builder-column-0{width:100% !important;order : 0;}.fusion-builder-column-0 > .fusion-column-wrapper {margin-right : 1.92%;margin-left : 1.92%;}}<\/style><\/div><style type=\"text\/css\">.fusion-body .fusion-flex-container.fusion-builder-row-1{ padding-top : 193px;margin-top : 0px;padding-right : 15%;padding-bottom : 162px;margin-bottom : 0px;padding-left : 15%;}<\/style><\/div><div class=\"fusion-fullwidth fullwidth-box fusion-builder-row-2 fusion-flex-container fusion-parallax-fixed nonhundred-percent-fullwidth non-hundred-percent-height-scrolling\" style=\"background-color: rgba(255,255,255,0);background-image: url(&quot;http:\/\/highdea.fr\/wp-content\/uploads\/2023\/02\/bg_03.png&quot;);background-position: center center;background-repeat: no-repeat;border-width: 0px 0px 0px 0px;border-color:#ecefef;border-style:solid;-webkit-background-size:cover;-moz-background-size:cover;-o-background-size:cover;background-size:cover;background-attachment:fixed;\" ><div class=\"fusion-builder-row fusion-row fusion-flex-align-items-flex-start\" style=\"max-width:1206.4px;margin-left: calc(-4% \/ 2 );margin-right: calc(-4% \/ 2 );\"><div class=\"fusion-layout-column fusion_builder_column fusion-builder-column-1 fusion_builder_column_1_4 1_4 fusion-flex-column fusion-animated\" data-animationType=\"fadeInLeft\" data-animationDuration=\"1.0\" data-animationOffset=\"100%\"><div class=\"fusion-column-wrapper fusion-flex-justify-content-flex-start fusion-content-layout-column\" style=\"background-position:left top;background-repeat:no-repeat;-webkit-background-size:cover;-moz-background-size:cover;-o-background-size:cover;background-size:cover;padding: 28px 0px 0px 0px;\"><div style=\"text-align:center;\"><span class=\" fusion-imageframe imageframe-none imageframe-1 hover-type-none\" style=\"width:100%;max-width:140px;\"><img width=\"308\" height=\"308\" alt=\"Bruno halak\" title=\"bruno\" src=\"http:\/\/highdea.fr\/wp-content\/uploads\/2021\/04\/bruno.png\" class=\"img-responsive wp-image-1056\" srcset=\"https:\/\/highdea.fr\/wp-content\/uploads\/2021\/04\/bruno-200x200.png 200w, https:\/\/highdea.fr\/wp-content\/uploads\/2021\/04\/bruno.png 308w\" sizes=\"(max-width: 1024px) 100vw, (max-width: 640px) 100vw, 308px\" \/><\/span><\/div><\/div><\/div><style type=\"text\/css\">.fusion-body .fusion-builder-column-1{width:25% !important;margin-top : 25px;margin-bottom : 25px;}.fusion-builder-column-1 > .fusion-column-wrapper {padding-top : 28px !important;padding-right : 0px !important;margin-right : 7.68%;padding-bottom : 0px !important;padding-left : 0px !important;margin-left : 7.68%;}@media only screen and (max-width:1024px) {.fusion-body .fusion-builder-column-1{width:100% !important;order : 0;}.fusion-builder-column-1 > .fusion-column-wrapper {margin-right : 1.92%;margin-left : 1.92%;}}@media only screen and (max-width:640px) {.fusion-body .fusion-builder-column-1{width:100% !important;order : 0;}.fusion-builder-column-1 > .fusion-column-wrapper {margin-right : 1.92%;margin-left : 1.92%;}}<\/style><div class=\"fusion-layout-column fusion_builder_column fusion-builder-column-2 fusion_builder_column_3_4 3_4 fusion-flex-column fusion-animated\" data-animationType=\"fadeInDown\" data-animationDuration=\"1.0\" data-animationOffset=\"50%\"><div class=\"fusion-column-wrapper fusion-flex-justify-content-flex-start fusion-content-layout-column\" style=\"background-position:left top;background-repeat:no-repeat;-webkit-background-size:cover;-moz-background-size:cover;-o-background-size:cover;background-size:cover;padding: 0px 0px 0px 0px;\"><div class=\"fusion-text fusion-text-2\" style=\"transform:translate3d(0,0,0);\"><h1 style=\"line-height: 20px; letter-spacing: -2px;\" data-fusion-font=\"true\">Bruno Halak<\/h1>\n<\/div><div class=\"fusion-separator\" style=\"align-self: flex-start;margin-right:auto;margin-bottom:20px;width:100%;max-width:10px;\"><div class=\"fusion-separator-border sep-single\" style=\"border-color:#f26835;border-top-width:3px;\"><\/div><\/div><div class=\"fusion-text fusion-text-3\" style=\"transform:translate3d(0,0,0);\"><p>Ing\u00e9nieur de formation, j\u2019ai r\u00e9alis\u00e9 pendant 13 ans des contr\u00f4les de r\u00e9ception et \u00e9galement des contr\u00f4les p\u00e9riodiques sur des installations de parcours acrobatiques en hauteur, avant d\u2019en faire la conception-r\u00e9alisation durant les 7 ann\u00e9es suivantes en France et \u00e0 l\u2019international.<\/p>\n<p>Membre actif de la normalisation et en veille permanente, j\u2019ai pu constater la professionnalisation de notre industrie.<\/p>\n<p>Fort de ces exp\u00e9riences et d\u2019un solide r\u00e9seau de partenaires, je mets \u00e0 profit mon expertise technique et propose aujourd\u2019hui un service ind\u00e9pendant d\u2019assistance \u00e0 ma\u00eetrise d\u2019ouvrage et de ma\u00eetrise d\u2019oeuvre.<\/p>\n<\/div><\/div><\/div><style type=\"text\/css\">.fusion-body .fusion-builder-column-2{width:75% !important;margin-top : 25px;margin-bottom : 25px;}.fusion-builder-column-2 > .fusion-column-wrapper {padding-top : 0px !important;padding-right : 0px !important;margin-right : 2.56%;padding-bottom : 0px !important;padding-left : 0px !important;margin-left : 2.56%;}@media only screen and (max-width:1024px) {.fusion-body .fusion-builder-column-2{width:100% !important;order : 0;}.fusion-builder-column-2 > .fusion-column-wrapper {margin-right : 1.92%;margin-left : 1.92%;}}@media only screen and (max-width:640px) {.fusion-body .fusion-builder-column-2{width:100% !important;order : 0;}.fusion-builder-column-2 > .fusion-column-wrapper {margin-right : 1.92%;margin-left : 1.92%;}}<\/style><\/div><style type=\"text\/css\">.fusion-body .fusion-flex-container.fusion-builder-row-2{ padding-top : 100px;margin-top : 0px;padding-right : 15%;padding-bottom : 100px;margin-bottom : 0px;padding-left : 15%;}<\/style><\/div><div class=\"fusion-fullwidth fullwidth-box fusion-builder-row-3 fusion-flex-container fusion-parallax-none nonhundred-percent-fullwidth non-hundred-percent-height-scrolling\" style=\"background-color: #1c384a;background-image: url(&quot;http:\/\/highdea.fr\/wp-content\/uploads\/2021\/04\/bg_anim.png&quot;);background-position: center center;background-repeat: no-repeat;border-width: 0px 0px 0px 0px;border-color:#ecefef;border-style:solid;-webkit-background-size:cover;-moz-background-size:cover;-o-background-size:cover;background-size:cover;\" ><div class=\"fusion-builder-row fusion-row fusion-flex-align-items-flex-start\" style=\"max-width:1206.4px;margin-left: calc(-4% \/ 2 );margin-right: calc(-4% \/ 2 );\"><div class=\"fusion-layout-column fusion_builder_column fusion-builder-column-3 fusion_builder_column_1_1 1_1 fusion-flex-column\"><div class=\"fusion-column-wrapper fusion-flex-justify-content-flex-start fusion-content-layout-column\" style=\"background-position:left top;background-repeat:no-repeat;-webkit-background-size:cover;-moz-background-size:cover;-o-background-size:cover;background-size:cover;padding: 0px 0px 0px 0px;\"><div class=\"fusion-text fusion-text-4 fusion-animated\" data-animationType=\"fadeInLeft\" data-animationDuration=\"1.0\" data-animationOffset=\"100%\"><h1>Ce qui m&#8217;anime\u2026<\/h1>\n<\/div><div class=\"fusion-separator\" style=\"align-self: flex-start;margin-right:auto;margin-bottom:20px;width:100%;max-width:10px;\"><div class=\"fusion-separator-border sep-single\" style=\"border-color:#f26835;border-top-width:3px;\"><\/div><\/div><div class=\"fusion-text fusion-text-5 fusion-animated\" data-animationType=\"fadeInDown\" data-animationDuration=\"1.0\" data-animationOffset=\"50%\"><p><span style=\"color: rgb(255, 255, 255);\">Vivre un m\u00e9tier de <\/span><span style=\"color: var(--body_typography-color); font-family: var(--body_typography-font-family); font-size: var(--body_typography-font-size); font-style: var(--body_typography-font-style,normal); font-weight: var(--body_typography-font-weight); letter-spacing: var(--body_typography-letter-spacing);\"><span style=\"color: rgb(255, 255, 255);\">passionn\u00e9, transmettre et partager. Aider \u00e0 cr\u00e9er des activit\u00e9s o\u00f9 l\u2019\u00eatre humain prend du plaisir partag\u00e9 en famille.<\/span><br \/><span style=\"color: rgb(255, 255, 255);\"><br \/>\n<\/span><\/span><span style=\"color: rgb(255, 255, 255); font-family: var(--body_typography-font-family); font-size: var(--body_typography-font-size); font-style: var(--body_typography-font-style,normal); font-weight: var(--body_typography-font-weight); letter-spacing: var(--body_typography-letter-spacing);\">Faciliter le contact avec la nature, sensibiliser, <\/span><span style=\"color: var(--body_typography-color); font-family: var(--body_typography-font-family); font-size: var(--body_typography-font-size); font-style: var(--body_typography-font-style,normal); font-weight: var(--body_typography-font-weight); letter-spacing: var(--body_typography-letter-spacing);\"><span style=\"color: rgb(255, 255, 255);\">en opposition \u00e0 un climat social de + en + violent<\/span> <\/span><\/p>\n<\/div><div ><style type=\"text\/css\">.fusion-button.button-1 .fusion-button-text, .fusion-button.button-1 i {color:#f26835;}.fusion-button.button-1 .fusion-button-icon-divider{border-color:#f26835;}.fusion-button.button-1:hover .fusion-button-text, .fusion-button.button-1:hover i,.fusion-button.button-1:focus .fusion-button-text, .fusion-button.button-1:focus i,.fusion-button.button-1:active .fusion-button-text, .fusion-button.button-1:active{color:#ddbd8c;}.fusion-button.button-1:hover .fusion-button-icon-divider, .fusion-button.button-1:hover .fusion-button-icon-divider, .fusion-button.button-1:active .fusion-button-icon-divider{border-color:#ddbd8c;}.fusion-button.button-1:hover, .fusion-button.button-1:focus, .fusion-button.button-1:active{border-color:#ddbd8c;}.fusion-button.button-1 {border-color:#f26835;border-radius:0px;}.fusion-button.button-1{background: rgba(77,57,233,0);}.fusion-button.button-1:hover,.button-1:focus,.fusion-button.button-1:active{background: rgba(66,47,211,0);}<\/style><a class=\"fusion-button button-flat fusion-button-default-size button-custom button-1 fusion-button-default-span fusion-button-default-type fusion-animated\" data-animationType=\"slideInLeft\" data-animationDuration=\"1.0\" data-animationOffset=\"50%\" target=\"_self\" href=\"http:\/\/highdea.fr\/index.php\/competences\/\" style=\"margin-top:30px;\"><span class=\"fusion-button-text\">EN SAVOIR +<\/span><\/a><\/div><\/div><\/div><style type=\"text\/css\">.fusion-body .fusion-builder-column-3{width:100% !important;margin-top : 25px;margin-bottom : 25px;}.fusion-builder-column-3 > .fusion-column-wrapper {padding-top : 0px !important;padding-right : 0px !important;margin-right : 1.92%;padding-bottom : 0px !important;padding-left : 0px !important;margin-left : 1.92%;}@media only screen and (max-width:1024px) {.fusion-body .fusion-builder-column-3{width:100% !important;order : 0;}.fusion-builder-column-3 > .fusion-column-wrapper {margin-right : 1.92%;margin-left : 1.92%;}}@media only screen and (max-width:640px) {.fusion-body .fusion-builder-column-3{width:100% !important;order : 0;}.fusion-builder-column-3 > .fusion-column-wrapper {margin-right : 1.92%;margin-left : 1.92%;}}<\/style><\/div><style type=\"text\/css\">.fusion-body .fusion-flex-container.fusion-builder-row-3{ padding-top : 120px;margin-top : 0px;padding-right : 15%;padding-bottom : 120px;margin-bottom : 0px;padding-left : 15%;}<\/style><\/div><div class=\"fusion-fullwidth fullwidth-box fusion-builder-row-4 fusion-flex-container nonhundred-percent-fullwidth non-hundred-percent-height-scrolling fusion-animated\" style=\"background-color: #f26835;background-position: center center;background-repeat: no-repeat;border-width: 0px 0px 0px 0px;border-color:#ecefef;border-style:solid;\" data-animationType=\"fadeIn\" data-animationDuration=\"1.0\" data-animationOffset=\"50%\" ><div class=\"fusion-builder-row fusion-row fusion-flex-align-items-flex-start\" style=\"max-width:1206.4px;margin-left: calc(-4% \/ 2 );margin-right: calc(-4% \/ 2 );\"><div class=\"fusion-layout-column fusion_builder_column fusion-builder-column-4 fusion_builder_column_1_1 1_1 fusion-flex-column\"><div class=\"fusion-column-wrapper fusion-flex-justify-content-flex-start fusion-content-layout-column\" style=\"background-position:left top;background-repeat:no-repeat;-webkit-background-size:cover;-moz-background-size:cover;-o-background-size:cover;background-size:cover;padding: 0px 0px 0px 0px;\"><div class=\"fusion-text fusion-text-6\" style=\"transform:translate3d(0,0,0);\"><p style=\"text-align: center; color: #ffffff;\">Parce que seul on va plus vite et qu&#8217;ensemble on va plus loin\u2026<\/p>\n<\/div><div style=\"text-align:center;\"><style type=\"text\/css\">.fusion-button.button-2 .fusion-button-text, .fusion-button.button-2 i {color:#ffffff;}.fusion-button.button-2 .fusion-button-icon-divider{border-color:#ffffff;}.fusion-button.button-2:hover .fusion-button-text, .fusion-button.button-2:hover i,.fusion-button.button-2:focus .fusion-button-text, .fusion-button.button-2:focus i,.fusion-button.button-2:active .fusion-button-text, .fusion-button.button-2:active{color:#1c384a;}.fusion-button.button-2:hover .fusion-button-icon-divider, .fusion-button.button-2:hover .fusion-button-icon-divider, .fusion-button.button-2:active .fusion-button-icon-divider{border-color:#1c384a;}.fusion-button.button-2:hover, .fusion-button.button-2:focus, .fusion-button.button-2:active{border-color:#1c384a;}.fusion-button.button-2 {border-color:#ffffff;border-radius:0px;}.fusion-button.button-2{background: rgba(77,57,233,0);}.fusion-button.button-2:hover,.button-2:focus,.fusion-button.button-2:active{background: rgba(66,47,211,0);}.fusion-button.button-2 .fusion-button-text {text-transform:uppercase;}<\/style><a class=\"fusion-button button-flat fusion-button-default-size button-custom button-2 fusion-button-default-span fusion-button-default-type\" target=\"_self\" href=\"https:\/\/highdea.fr\/index.php\/nos-clients\/\"><span class=\"fusion-button-text\">d\u00e9couvrir nos clients<\/span><\/a><\/div><\/div><\/div><style type=\"text\/css\">.fusion-body .fusion-builder-column-4{width:100% !important;margin-top : 25px;margin-bottom : 25px;}.fusion-builder-column-4 > .fusion-column-wrapper {padding-top : 0px !important;padding-right : 0px !important;margin-right : 1.92%;padding-bottom : 0px !important;padding-left : 0px !important;margin-left : 1.92%;}@media only screen and (max-width:1024px) {.fusion-body .fusion-builder-column-4{width:100% !important;order : 0;}.fusion-builder-column-4 > .fusion-column-wrapper {margin-right : 1.92%;margin-left : 1.92%;}}@media only screen and (max-width:640px) {.fusion-body .fusion-builder-column-4{width:100% !important;order : 0;}.fusion-builder-column-4 > .fusion-column-wrapper {margin-right : 1.92%;margin-left : 1.92%;}}<\/style><\/div><style type=\"text\/css\">.fusion-body .fusion-flex-container.fusion-builder-row-4{ padding-top : 100px;margin-top : 0px;padding-right : 15%;padding-bottom : 100px;margin-bottom : 0px;padding-left : 15%;}<\/style><\/div><\/p>\n","protected":false},"excerpt":{"rendered":"","protected":false},"author":2,"featured_media":0,"parent":0,"menu_order":0,"comment_status":"closed","ping_status":"closed","template":"100-width.php","meta":[],"yoast_head":"<!-- This site is optimized with the Yoast SEO plugin v19.4 - https:\/\/yoast.com\/wordpress\/plugins\/seo\/ -->\n<title>Bruno Halak - Highdea<\/title>\n<meta name=\"robots\" content=\"index, follow, max-snippet:-1, max-image-preview:large, max-video-preview:-1\" \/>\n<link rel=\"canonical\" href=\"https:\/\/highdea.fr\/index.php\/bruno_halak\/\" \/>\n<meta property=\"og:locale\" content=\"en_US\" \/>\n<meta property=\"og:type\" content=\"article\" \/>\n<meta property=\"og:title\" content=\"Bruno Halak - Highdea\" \/>\n<meta property=\"og:url\" content=\"https:\/\/highdea.fr\/index.php\/bruno_halak\/\" \/>\n<meta property=\"og:site_name\" content=\"Highdea\" \/>\n<meta property=\"article:modified_time\" content=\"2023-02-03T14:33:06+00:00\" \/>\n<meta name=\"twitter:card\" content=\"summary_large_image\" \/>\n<meta name=\"twitter:label1\" content=\"Est. reading time\" \/>\n\t<meta name=\"twitter:data1\" content=\"14 minutes\" \/>\n<script type=\"application\/ld+json\" class=\"yoast-schema-graph\">{\"@context\":\"https:\/\/schema.org\",\"@graph\":[{\"@type\":\"WebSite\",\"@id\":\"https:\/\/highdea.fr\/#website\",\"url\":\"https:\/\/highdea.fr\/\",\"name\":\"Highdea\",\"description\":\"Highlight the way\",\"potentialAction\":[{\"@type\":\"SearchAction\",\"target\":{\"@type\":\"EntryPoint\",\"urlTemplate\":\"https:\/\/highdea.fr\/?s={search_term_string}\"},\"query-input\":\"required name=search_term_string\"}],\"inLanguage\":\"en-US\"},{\"@type\":\"WebPage\",\"@id\":\"https:\/\/highdea.fr\/index.php\/bruno_halak\/\",\"url\":\"https:\/\/highdea.fr\/index.php\/bruno_halak\/\",\"name\":\"Bruno Halak - Highdea\",\"isPartOf\":{\"@id\":\"https:\/\/highdea.fr\/#website\"},\"datePublished\":\"2021-02-12T16:06:05+00:00\",\"dateModified\":\"2023-02-03T14:33:06+00:00\",\"breadcrumb\":{\"@id\":\"https:\/\/highdea.fr\/index.php\/bruno_halak\/#breadcrumb\"},\"inLanguage\":\"en-US\",\"potentialAction\":[{\"@type\":\"ReadAction\",\"target\":[\"https:\/\/highdea.fr\/index.php\/bruno_halak\/\"]}]},{\"@type\":\"BreadcrumbList\",\"@id\":\"https:\/\/highdea.fr\/index.php\/bruno_halak\/#breadcrumb\",\"itemListElement\":[{\"@type\":\"ListItem\",\"position\":1,\"name\":\"Home\",\"item\":\"https:\/\/highdea.fr\/\"},{\"@type\":\"ListItem\",\"position\":2,\"name\":\"Bruno Halak\"}]}]}<\/script>\n<!-- \/ Yoast SEO plugin. -->","yoast_head_json":{"title":"Bruno Halak - Highdea","robots":{"index":"index","follow":"follow","max-snippet":"max-snippet:-1","max-image-preview":"max-image-preview:large","max-video-preview":"max-video-preview:-1"},"canonical":"https:\/\/highdea.fr\/index.php\/bruno_halak\/","og_locale":"en_US","og_type":"article","og_title":"Bruno Halak - Highdea","og_url":"https:\/\/highdea.fr\/index.php\/bruno_halak\/","og_site_name":"Highdea","article_modified_time":"2023-02-03T14:33:06+00:00","twitter_card":"summary_large_image","twitter_misc":{"Est. reading time":"14 minutes"},"schema":{"@context":"https:\/\/schema.org","@graph":[{"@type":"WebSite","@id":"https:\/\/highdea.fr\/#website","url":"https:\/\/highdea.fr\/","name":"Highdea","description":"Highlight the way","potentialAction":[{"@type":"SearchAction","target":{"@type":"EntryPoint","urlTemplate":"https:\/\/highdea.fr\/?s={search_term_string}"},"query-input":"required name=search_term_string"}],"inLanguage":"en-US"},{"@type":"WebPage","@id":"https:\/\/highdea.fr\/index.php\/bruno_halak\/","url":"https:\/\/highdea.fr\/index.php\/bruno_halak\/","name":"Bruno Halak - Highdea","isPartOf":{"@id":"https:\/\/highdea.fr\/#website"},"datePublished":"2021-02-12T16:06:05+00:00","dateModified":"2023-02-03T14:33:06+00:00","breadcrumb":{"@id":"https:\/\/highdea.fr\/index.php\/bruno_halak\/#breadcrumb"},"inLanguage":"en-US","potentialAction":[{"@type":"ReadAction","target":["https:\/\/highdea.fr\/index.php\/bruno_halak\/"]}]},{"@type":"BreadcrumbList","@id":"https:\/\/highdea.fr\/index.php\/bruno_halak\/#breadcrumb","itemListElement":[{"@type":"ListItem","position":1,"name":"Home","item":"https:\/\/highdea.fr\/"},{"@type":"ListItem","position":2,"name":"Bruno Halak"}]}]}},"_links":{"self":[{"href":"https:\/\/highdea.fr\/index.php\/wp-json\/wp\/v2\/pages\/940"}],"collection":[{"href":"https:\/\/highdea.fr\/index.php\/wp-json\/wp\/v2\/pages"}],"about":[{"href":"https:\/\/highdea.fr\/index.php\/wp-json\/wp\/v2\/types\/page"}],"author":[{"embeddable":true,"href":"https:\/\/highdea.fr\/index.php\/wp-json\/wp\/v2\/users\/2"}],"replies":[{"embeddable":true,"href":"https:\/\/highdea.fr\/index.php\/wp-json\/wp\/v2\/comments?post=940"}],"version-history":[{"count":32,"href":"https:\/\/highdea.fr\/index.php\/wp-json\/wp\/v2\/pages\/940\/revisions"}],"predecessor-version":[{"id":1338,"href":"https:\/\/highdea.fr\/index.php\/wp-json\/wp\/v2\/pages\/940\/revisions\/1338"}],"wp:attachment":[{"href":"https:\/\/highdea.fr\/index.php\/wp-json\/wp\/v2\/media?parent=940"}],"curies":[{"name":"wp","href":"https:\/\/api.w.org\/{rel}","templated":true}]}}